{"id":4847,"date":"2016-06-30T12:37:17","date_gmt":"2016-06-30T12:37:17","guid":{"rendered":"http:\/\/modeltheme.com\/mt_yankee\/?page_id=4847"},"modified":"2017-08-10T14:43:10","modified_gmt":"2017-08-10T12:43:10","slug":"refernecje","status":"publish","type":"page","link":"https:\/\/www.energycontrol.pl\/?page_id=4847","title":{"rendered":"Referencje"},"content":{"rendered":"<p>[vc_row full_width=&#8221;stretch_row&#8221; parallax=&#8221;content-moving&#8221; parallax_image=&#8221;8532&#8243; css=&#8221;.vc_custom_1502368987014{margin-bottom: 0px !important;padding-top: 30px !important;padding-bottom: 10px !important;}&#8221; el_class=&#8221;testimonial-slider&#8221;][vc_column css=&#8221;.vc_custom_1493729303003{padding-top: 0px !important;padding-bottom: 20px !important;}&#8221;][vc_custom_heading text=&#8221;Referencje&#8221; font_container=&#8221;tag:h1|font_size:50px|text_align:center|color:%23ffffff|line_height:60px&#8221; google_fonts=&#8221;font_family:Ubuntu%3A300%2C300italic%2Cregular%2Citalic%2C500%2C500italic%2C700%2C700italic|font_style:700%20bold%20regular%3A700%3Anormal&#8221; css_animation=&#8221;appear&#8221; css=&#8221;.vc_custom_1499848617552{margin-top: 0px !important;}&#8221;][vc_custom_heading text=&#8221;Poni\u017cej prezentujemy Pa\u0144stwu wybrane przyk\u0142ady optymalizacji wykonanych przez EnergyControl&#8221; font_container=&#8221;tag:h3|font_size:20px|text_align:center|color:%23ffffff|line_height:30px&#8221; google_fonts=&#8221;font_family:Ubuntu%3A300%2C300italic%2Cregular%2Citalic%2C500%2C500italic%2C700%2C700italic|font_style:300%20light%20regular%3A300%3Anormal&#8221; css_animation=&#8221;bottom-to-top&#8221; css=&#8221;.vc_custom_1499849923244{margin-bottom: 0px !important;padding-bottom: 0px !important;}&#8221;][vc_empty_space height=&#8221;50px&#8221;][vc_row_inner equal_height=&#8221;yes&#8221; css=&#8221;.vc_custom_1501365719756{margin-bottom: 40px !important;background-color: #f7f7f7 !important;}&#8221;][vc_column_inner width=&#8221;1\/4&#8243; css=&#8221;.vc_custom_1501266933758{padding-top: 15px !important;padding-bottom: 15px !important;background-color: #f7f7f7 !important;}&#8221;][vc_single_image image=&#8221;8681&#8243; img_size=&#8221;full&#8221; alignment=&#8221;center&#8221; css_animation=&#8221;fadeIn&#8221; css=&#8221;.vc_custom_1501365177473{padding-top: 20px !important;padding-right: 40px !important;padding-left: 20px !important;}&#8221;][vc_empty_space][vc_empty_space height=&#8221;42px&#8221;][vc_btn title=&#8221;Pobierz referencje&#8221; style=&#8221;outline&#8221; color=&#8221;black&#8221; align=&#8221;left&#8221; i_icon_fontawesome=&#8221;fa fa-file-pdf-o&#8221; css_animation=&#8221;fadeIn&#8221; add_icon=&#8221;true&#8221; css=&#8221;.vc_custom_1501365608745{padding-bottom: 8px !important;padding-left: 20px !important;}&#8221; link=&#8221;url:http%3A%2F%2Fwww.energycontrol.pl%2Fwp-content%2Fuploads%2F2017%2F07%2FETIUDA.pdf||target:%20_blank|&#8221;][\/vc_column_inner][vc_column_inner width=&#8221;3\/4&#8243; css=&#8221;.vc_custom_1501266051698{padding-top: 15px !important;padding-bottom: 15px !important;}&#8221;][vc_custom_heading text=&#8221;Krakowskie Centrum Biurowe Etiuda&#8221; font_container=&#8221;tag:h2|text_align:left|color:%23494949&#8243; google_fonts=&#8221;font_family:Lato%3A100%2C100italic%2C300%2C300italic%2Cregular%2Citalic%2C700%2C700italic%2C900%2C900italic|font_style:400%20regular%3A400%3Anormal&#8221; css_animation=&#8221;fadeIn&#8221; css=&#8221;.vc_custom_1501266811838{padding-left: 10px !important;}&#8221;][vc_column_text css_animation=&#8221;fadeIn&#8221; css=&#8221;.vc_custom_1501266784813{padding-top: 20px !important;padding-right: 20px !important;padding-bottom: 20px !important;padding-left: 10px !important;}&#8221;]<em>&#8222;&#8230;Od momentu rozpocz\u0119cia realizacji projektu firma FTCare jest z nami w sta\u0142ym kontakcie. Systematycznie monitoruje oraz wprowadza zmiany, kt\u00f3re maj\u0105 swoje odzwierciedlenie w otrzymywanych fakturach za energi\u0119 elektryczn\u0105. Zmiany s\u0105 wdra\u017cane bez udzia\u0142u naszych \u015brodk\u00f3w finansowych&#8230;&#8221;<\/em>[\/vc_column_text][vc_custom_heading text=&#8221;Uzyskane oszcz\u0119dno\u015bci: 10%&#8221; font_container=&#8221;tag:h3|text_align:right|color:%23494949&#8243; google_fonts=&#8221;font_family:Montserrat%3Aregular%2C700|font_style:400%20regular%3A400%3Anormal&#8221; css_animation=&#8221;bounceIn&#8221; css=&#8221;.vc_custom_1501858227317{padding-top: 25px !important;padding-right: 20px !important;padding-bottom: 10px !important;}&#8221;][\/vc_column_inner][\/vc_row_inner][vc_row_inner equal_height=&#8221;yes&#8221; css=&#8221;.vc_custom_1501365679946{margin-bottom: 40px !important;background-color: #f7f7f7 !important;}&#8221;][vc_column_inner width=&#8221;1\/4&#8243; css=&#8221;.vc_custom_1501266933758{padding-top: 15px !important;padding-bottom: 15px !important;background-color: #f7f7f7 !important;}&#8221;][vc_single_image image=&#8221;8761&#8243; img_size=&#8221;full&#8221; alignment=&#8221;center&#8221; css_animation=&#8221;fadeIn&#8221; css=&#8221;.vc_custom_1502368946112{padding-top: 20px !important;padding-right: 40px !important;padding-left: 20px !important;}&#8221;][vc_empty_space][vc_empty_space height=&#8221;42px&#8221;][vc_btn title=&#8221;Pobierz referencje&#8221; style=&#8221;outline&#8221; color=&#8221;black&#8221; align=&#8221;left&#8221; i_icon_fontawesome=&#8221;fa fa-file-pdf-o&#8221; css_animation=&#8221;fadeIn&#8221; add_icon=&#8221;true&#8221; css=&#8221;.vc_custom_1501365597081{padding-bottom: 8px !important;padding-left: 20px !important;}&#8221; link=&#8221;url:http%3A%2F%2Fwww.energycontrol.pl%2Fwp-content%2Fuploads%2F2017%2F07%2FFUTURO.pdf||target:%20_blank|&#8221;][\/vc_column_inner][vc_column_inner width=&#8221;3\/4&#8243; css=&#8221;.vc_custom_1501266051698{padding-top: 15px !important;padding-bottom: 15px !important;}&#8221;][vc_custom_heading text=&#8221;Biurowiec FUTURO&#8221; font_container=&#8221;tag:h2|text_align:left|color:%23494949&#8243; google_fonts=&#8221;font_family:Lato%3A100%2C100italic%2C300%2C300italic%2Cregular%2Citalic%2C700%2C700italic%2C900%2C900italic|font_style:400%20regular%3A400%3Anormal&#8221; css_animation=&#8221;fadeIn&#8221; css=&#8221;.vc_custom_1501363300387{padding-left: 10px !important;}&#8221;][vc_column_text css_animation=&#8221;fadeIn&#8221; css=&#8221;.vc_custom_1501365329051{padding-top: 20px !important;padding-right: 20px !important;padding-bottom: 10px !important;padding-left: 10px !important;}&#8221;]<em>&#8222;&#8230;Wynagrodzenie dla firmy FTCare jest wyp\u0142acane na podstawie comiesi\u0119cznych raport\u00f3w, w kt\u00f3rych w spos\u00f3b bardzo czytelny przedstawiona jest ilo\u015b\u0107 energii zaoszcz\u0119dzonej w wyniku wprowadzonych zmianom.<\/em><br \/>\n<em>Dzi\u0119ki wsp\u00f3\u0142pracy z FTCare nasza Sp\u00f3\u0142ka oraz nasi najemcy p\u0142ac\u0105 ni\u017csze faktury za energi\u0119 elektryczn\u0105 o ponad 40% w stosunku do okresu przed rozpocz\u0119ciem wsp\u00f3\u0142pracy.&#8221;<\/em>[\/vc_column_text][vc_custom_heading text=&#8221;Uzyskane oszcz\u0119dno\u015bci: 40%&#8221; font_container=&#8221;tag:h3|text_align:right|color:%23494949&#8243; google_fonts=&#8221;font_family:Montserrat%3Aregular%2C700|font_style:400%20regular%3A400%3Anormal&#8221; css_animation=&#8221;bounceIn&#8221; css=&#8221;.vc_custom_1501858220123{padding-top: 15px !important;padding-right: 20px !important;padding-bottom: 10px !important;}&#8221;][\/vc_column_inner][\/vc_row_inner][vc_row_inner equal_height=&#8221;yes&#8221; css=&#8221;.vc_custom_1501365691305{margin-bottom: 40px !important;background-color: #f7f7f7 !important;}&#8221;][vc_column_inner width=&#8221;1\/4&#8243; css=&#8221;.vc_custom_1501266933758{padding-top: 15px !important;padding-bottom: 15px !important;background-color: #f7f7f7 !important;}&#8221;][vc_single_image image=&#8221;8674&#8243; img_size=&#8221;full&#8221; alignment=&#8221;center&#8221; css_animation=&#8221;fadeIn&#8221; css=&#8221;.vc_custom_1501365105529{padding-top: 20px !important;padding-right: 40px !important;padding-left: 18px !important;}&#8221;][vc_empty_space][vc_empty_space height=&#8221;42px&#8221;][vc_btn title=&#8221;Pobierz referencje&#8221; style=&#8221;outline&#8221; color=&#8221;black&#8221; align=&#8221;left&#8221; i_icon_fontawesome=&#8221;fa fa-file-pdf-o&#8221; css_animation=&#8221;fadeIn&#8221; add_icon=&#8221;true&#8221; css=&#8221;.vc_custom_1501365592412{padding-bottom: 8px !important;padding-left: 24px !important;}&#8221; link=&#8221;url:http%3A%2F%2Fwww.energycontrol.pl%2Fwp-content%2Fuploads%2F2017%2F07%2FGrand404.pdf||target:%20_blank|&#8221;][\/vc_column_inner][vc_column_inner width=&#8221;3\/4&#8243; css=&#8221;.vc_custom_1501266051698{padding-top: 15px !important;padding-bottom: 15px !important;}&#8221;][vc_custom_heading text=&#8221;Grand 404&#8243; font_container=&#8221;tag:h2|text_align:left|color:%23494949&#8243; google_fonts=&#8221;font_family:Lato%3A100%2C100italic%2C300%2C300italic%2Cregular%2Citalic%2C700%2C700italic%2C900%2C900italic|font_style:400%20regular%3A400%3Anormal&#8221; css_animation=&#8221;fadeIn&#8221; css=&#8221;.vc_custom_1501364396301{padding-left: 10px !important;}&#8221;][vc_column_text css_animation=&#8221;fadeIn&#8221; css=&#8221;.vc_custom_1501364225002{padding-top: 20px !important;padding-right: 20px !important;padding-bottom: 20px !important;padding-left: 10px !important;}&#8221;]<em>&#8222;&#8230;Firma FTCare przeprowadzi\u0142a w naszym Centrum Bankietowym proces optymalizacji koszt\u00f3w medi\u00f3w. Firma wykaza\u0142a si\u0119 wielkim zaanga\u017cowaniem w realizowane przedsi\u0119wzi\u0119cie. Wygenerowa\u0142a oszcz\u0119dno\u015bci tam, gdzie my nie podejrzewali\u015bmy mo\u017cliwo\u015bci ich uzyskania. &#8222;<\/em>[\/vc_column_text][vc_custom_heading text=&#8221;Uzyskane oszcz\u0119dno\u015bci: 31%&#8221; font_container=&#8221;tag:h3|text_align:right|color:%23494949&#8243; google_fonts=&#8221;font_family:Montserrat%3Aregular%2C700|font_style:400%20regular%3A400%3Anormal&#8221; css_animation=&#8221;bounceIn&#8221; css=&#8221;.vc_custom_1501858214204{padding-top: 25px !important;padding-right: 20px !important;padding-bottom: 10px !important;}&#8221;][\/vc_column_inner][\/vc_row_inner][vc_row_inner equal_height=&#8221;yes&#8221; css=&#8221;.vc_custom_1501365696943{margin-bottom: 40px !important;background-color: #f7f7f7 !important;}&#8221;][vc_column_inner width=&#8221;1\/4&#8243; css=&#8221;.vc_custom_1501266933758{padding-top: 15px !important;padding-bottom: 15px !important;background-color: #f7f7f7 !important;}&#8221;][vc_single_image image=&#8221;8675&#8243; img_size=&#8221;full&#8221; alignment=&#8221;center&#8221; css_animation=&#8221;fadeIn&#8221; css=&#8221;.vc_custom_1501365201943{padding-top: 20px !important;padding-right: 40px !important;padding-left: 16px !important;}&#8221;][vc_empty_space][vc_empty_space height=&#8221;42px&#8221;][vc_btn title=&#8221;Pobierz referencje&#8221; style=&#8221;outline&#8221; color=&#8221;black&#8221; align=&#8221;left&#8221; i_icon_fontawesome=&#8221;fa fa-file-pdf-o&#8221; css_animation=&#8221;fadeIn&#8221; add_icon=&#8221;true&#8221; css=&#8221;.vc_custom_1501365587628{padding-bottom: 8px !important;padding-left: 24px !important;}&#8221; link=&#8221;url:http%3A%2F%2Fwww.energycontrol.pl%2Fwp-content%2Fuploads%2F2017%2F07%2FQube.pdf||target:%20_blank|&#8221;][\/vc_column_inner][vc_column_inner width=&#8221;3\/4&#8243; css=&#8221;.vc_custom_1501266051698{padding-top: 15px !important;padding-bottom: 15px !important;}&#8221;][vc_custom_heading text=&#8221;Qube Automation&#8221; font_container=&#8221;tag:h2|text_align:left|color:%23494949&#8243; google_fonts=&#8221;font_family:Lato%3A100%2C100italic%2C300%2C300italic%2Cregular%2Citalic%2C700%2C700italic%2C900%2C900italic|font_style:400%20regular%3A400%3Anormal&#8221; css_animation=&#8221;fadeIn&#8221; css=&#8221;.vc_custom_1501364374119{padding-left: 10px !important;}&#8221;][vc_column_text css_animation=&#8221;fadeIn&#8221; css=&#8221;.vc_custom_1501365449768{padding-top: 20px !important;padding-right: 20px !important;padding-bottom: 30px !important;padding-left: 10px !important;}&#8221;]<em>&#8222;&#8230;Dzi\u0119ki dobremu kontaktowi i dost\u0119pno\u015bci Pana Fryderyka Kraczki \u2013 w\u0142a\u015bciciela FTCare, zawsze mo\u017cemy liczy\u0107 na odpowiednie doradztwo energetyczne, kt\u00f3re jest dla nas istotne podczas tworzenia kolejnych zautomatyzowanych stanowisk produkcyjnych w naszym zak\u0142adzie.&#8221;<\/em>[\/vc_column_text][vc_custom_heading text=&#8221;Uzyskane oszcz\u0119dno\u015bci: 16%&#8221; font_container=&#8221;tag:h3|text_align:right|color:%23494949&#8243; google_fonts=&#8221;font_family:Montserrat%3Aregular%2C700|font_style:400%20regular%3A400%3Anormal&#8221; css_animation=&#8221;bounceIn&#8221; css=&#8221;.vc_custom_1501858234368{padding-top: 10px !important;padding-right: 20px !important;padding-bottom: 10px !important;}&#8221;][\/vc_column_inner][\/vc_row_inner][\/vc_column][\/vc_row]<\/p>\n","protected":false},"excerpt":{"rendered":"<p>[vc_row full_width=&#8221;stretch_row&#8221; parallax=&#8221;content-moving&#8221; parallax_image=&#8221;8532&#8243; css=&#8221;.vc_custom_1502368987014{margin-bottom: 0px !important;padding-top: 30px !important;padding-bottom: 10px !important;}&#8221; el_class=&#8221;testimonial-slider&#8221;][vc_column css=&#8221;.vc_custom_1493729303003{padding-top: 0px !important;padding-bottom: 20px !important;}&#8221;][vc_custom_heading text=&#8221;Referencje&#8221; font_container=&#8221;tag:h1|font_size:50px|text_align:center|color:%23ffffff|line_height:60px&#8221; google_fonts=&#8221;font_family:Ubuntu%3A300%2C300italic%2Cregular%2Citalic%2C500%2C500italic%2C700%2C700italic|font_style:700%20bold%20regular%3A700%3Anormal&#8221; css_animation=&#8221;appear&#8221; css=&#8221;.vc_custom_1499848617552{margin-top: 0px !important;}&#8221;][vc_custom_heading text=&#8221;Poni\u017cej prezentujemy Pa\u0144stwu wybrane przyk\u0142ady optymalizacji wykonanych przez EnergyControl&#8221; font_container=&#8221;tag:h3|font_size:20px|text_align:center|color:%23ffffff|line_height:30px&#8221; google_fonts=&#8221;font_family:Ubuntu%3A300%2C300italic%2Cregular%2Citalic%2C500%2C500italic%2C700%2C700italic|font_style:300%20light%20regular%3A300%3Anormal&#8221; css_animation=&#8221;bottom-to-top&#8221; css=&#8221;.vc_custom_1499849923244{margin-bottom: 0px !important;padding-bottom: 0px !important;}&#8221;][vc_empty_space height=&#8221;50px&#8221;][vc_row_inner equal_height=&#8221;yes&#8221; css=&#8221;.vc_custom_1501365719756{margin-bottom: 40px !important;background-color: #f7f7f7 !important;}&#8221;][vc_column_inner width=&#8221;1\/4&#8243; css=&#8221;.vc_custom_1501266933758{padding-top: 15px !important;padding-bottom: 15px !important;background-color: #f7f7f7 [&hellip;]<\/p>\n","protected":false},"author":3,"featured_media":0,"parent":0,"menu_order":0,"comment_status":"closed","ping_status":"closed","template":"","meta":{"footnotes":""},"class_list":["post-4847","page","type-page","status-publish","hentry"],"yoast_head":"<!-- This site is optimized with the Yoast SEO plugin v24.4 - https:\/\/yoast.com\/wordpress\/plugins\/seo\/ -->\n<title>Referencje &#8212; Energy Control<\/title>\n<meta name=\"robots\" content=\"index, follow, max-snippet:-1, max-image-preview:large, max-video-preview:-1\" \/>\n<link rel=\"canonical\" href=\"http:\/\/www.energycontrol.pl\/?page_id=4847\" \/>\n<meta property=\"og:locale\" content=\"pl_PL\" \/>\n<meta property=\"og:type\" content=\"article\" \/>\n<meta property=\"og:title\" content=\"Referencje &#8212; Energy Control\" \/>\n<meta property=\"og:description\" content=\"[vc_row full_width=&#8221;stretch_row&#8221; parallax=&#8221;content-moving&#8221; parallax_image=&#8221;8532&#8243; css=&#8221;.vc_custom_1502368987014{margin-bottom: 0px !important;padding-top: 30px !important;padding-bottom: 10px !important;}&#8221; el_class=&#8221;testimonial-slider&#8221;][vc_column css=&#8221;.vc_custom_1493729303003{padding-top: 0px !important;padding-bottom: 20px !important;}&#8221;][vc_custom_heading text=&#8221;Referencje&#8221; font_container=&#8221;tag:h1|font_size:50px|text_align:center|color:%23ffffff|line_height:60px&#8221; google_fonts=&#8221;font_family:Ubuntu%3A300%2C300italic%2Cregular%2Citalic%2C500%2C500italic%2C700%2C700italic|font_style:700%20bold%20regular%3A700%3Anormal&#8221; css_animation=&#8221;appear&#8221; css=&#8221;.vc_custom_1499848617552{margin-top: 0px !important;}&#8221;][vc_custom_heading text=&#8221;Poni\u017cej prezentujemy Pa\u0144stwu wybrane przyk\u0142ady optymalizacji wykonanych przez EnergyControl&#8221; font_container=&#8221;tag:h3|font_size:20px|text_align:center|color:%23ffffff|line_height:30px&#8221; google_fonts=&#8221;font_family:Ubuntu%3A300%2C300italic%2Cregular%2Citalic%2C500%2C500italic%2C700%2C700italic|font_style:300%20light%20regular%3A300%3Anormal&#8221; css_animation=&#8221;bottom-to-top&#8221; css=&#8221;.vc_custom_1499849923244{margin-bottom: 0px !important;padding-bottom: 0px !important;}&#8221;][vc_empty_space height=&#8221;50px&#8221;][vc_row_inner equal_height=&#8221;yes&#8221; css=&#8221;.vc_custom_1501365719756{margin-bottom: 40px !important;background-color: #f7f7f7 !important;}&#8221;][vc_column_inner width=&#8221;1\/4&#8243; css=&#8221;.vc_custom_1501266933758{padding-top: 15px !important;padding-bottom: 15px !important;background-color: #f7f7f7 [&hellip;]\" \/>\n<meta property=\"og:url\" content=\"http:\/\/www.energycontrol.pl\/?page_id=4847\" \/>\n<meta property=\"og:site_name\" content=\"Energy Control\" \/>\n<meta property=\"article:modified_time\" content=\"2017-08-10T12:43:10+00:00\" \/>\n<meta name=\"twitter:card\" content=\"summary_large_image\" \/>\n<meta name=\"twitter:label1\" content=\"Szacowany czas czytania\" \/>\n\t<meta name=\"twitter:data1\" content=\"7 minut\" \/>\n<script type=\"application\/ld+json\" class=\"yoast-schema-graph\">{\"@context\":\"https:\/\/schema.org\",\"@graph\":[{\"@type\":\"WebPage\",\"@id\":\"http:\/\/www.energycontrol.pl\/?page_id=4847\",\"url\":\"http:\/\/www.energycontrol.pl\/?page_id=4847\",\"name\":\"Referencje &#8212; Energy Control\",\"isPartOf\":{\"@id\":\"https:\/\/www.energycontrol.pl\/#website\"},\"datePublished\":\"2016-06-30T12:37:17+00:00\",\"dateModified\":\"2017-08-10T12:43:10+00:00\",\"breadcrumb\":{\"@id\":\"http:\/\/www.energycontrol.pl\/?page_id=4847#breadcrumb\"},\"inLanguage\":\"pl-PL\",\"potentialAction\":[{\"@type\":\"ReadAction\",\"target\":[\"http:\/\/www.energycontrol.pl\/?page_id=4847\"]}]},{\"@type\":\"BreadcrumbList\",\"@id\":\"http:\/\/www.energycontrol.pl\/?page_id=4847#breadcrumb\",\"itemListElement\":[{\"@type\":\"ListItem\",\"position\":1,\"name\":\"Strona g\u0142\u00f3wna\",\"item\":\"https:\/\/www.energycontrol.pl\/\"},{\"@type\":\"ListItem\",\"position\":2,\"name\":\"Referencje\"}]},{\"@type\":\"WebSite\",\"@id\":\"https:\/\/www.energycontrol.pl\/#website\",\"url\":\"https:\/\/www.energycontrol.pl\/\",\"name\":\"Energy Control\",\"description\":\"Kompleksowa obs\u0142uga energetyczna dla Twojej firmy\",\"potentialAction\":[{\"@type\":\"SearchAction\",\"target\":{\"@type\":\"EntryPoint\",\"urlTemplate\":\"https:\/\/www.energycontrol.pl\/?s={search_term_string}\"},\"query-input\":{\"@type\":\"PropertyValueSpecification\",\"valueRequired\":true,\"valueName\":\"search_term_string\"}}],\"inLanguage\":\"pl-PL\"}]}<\/script>\n<!-- \/ Yoast SEO plugin. -->","yoast_head_json":{"title":"Referencje &#8212; Energy Control","robots":{"index":"index","follow":"follow","max-snippet":"max-snippet:-1","max-image-preview":"max-image-preview:large","max-video-preview":"max-video-preview:-1"},"canonical":"http:\/\/www.energycontrol.pl\/?page_id=4847","og_locale":"pl_PL","og_type":"article","og_title":"Referencje &#8212; Energy Control","og_description":"[vc_row full_width=&#8221;stretch_row&#8221; parallax=&#8221;content-moving&#8221; parallax_image=&#8221;8532&#8243; css=&#8221;.vc_custom_1502368987014{margin-bottom: 0px !important;padding-top: 30px !important;padding-bottom: 10px !important;}&#8221; el_class=&#8221;testimonial-slider&#8221;][vc_column css=&#8221;.vc_custom_1493729303003{padding-top: 0px !important;padding-bottom: 20px !important;}&#8221;][vc_custom_heading text=&#8221;Referencje&#8221; font_container=&#8221;tag:h1|font_size:50px|text_align:center|color:%23ffffff|line_height:60px&#8221; google_fonts=&#8221;font_family:Ubuntu%3A300%2C300italic%2Cregular%2Citalic%2C500%2C500italic%2C700%2C700italic|font_style:700%20bold%20regular%3A700%3Anormal&#8221; css_animation=&#8221;appear&#8221; css=&#8221;.vc_custom_1499848617552{margin-top: 0px !important;}&#8221;][vc_custom_heading text=&#8221;Poni\u017cej prezentujemy Pa\u0144stwu wybrane przyk\u0142ady optymalizacji wykonanych przez EnergyControl&#8221; font_container=&#8221;tag:h3|font_size:20px|text_align:center|color:%23ffffff|line_height:30px&#8221; google_fonts=&#8221;font_family:Ubuntu%3A300%2C300italic%2Cregular%2Citalic%2C500%2C500italic%2C700%2C700italic|font_style:300%20light%20regular%3A300%3Anormal&#8221; css_animation=&#8221;bottom-to-top&#8221; css=&#8221;.vc_custom_1499849923244{margin-bottom: 0px !important;padding-bottom: 0px !important;}&#8221;][vc_empty_space height=&#8221;50px&#8221;][vc_row_inner equal_height=&#8221;yes&#8221; css=&#8221;.vc_custom_1501365719756{margin-bottom: 40px !important;background-color: #f7f7f7 !important;}&#8221;][vc_column_inner width=&#8221;1\/4&#8243; css=&#8221;.vc_custom_1501266933758{padding-top: 15px !important;padding-bottom: 15px !important;background-color: #f7f7f7 [&hellip;]","og_url":"http:\/\/www.energycontrol.pl\/?page_id=4847","og_site_name":"Energy Control","article_modified_time":"2017-08-10T12:43:10+00:00","twitter_card":"summary_large_image","twitter_misc":{"Szacowany czas czytania":"7 minut"},"schema":{"@context":"https:\/\/schema.org","@graph":[{"@type":"WebPage","@id":"http:\/\/www.energycontrol.pl\/?page_id=4847","url":"http:\/\/www.energycontrol.pl\/?page_id=4847","name":"Referencje &#8212; Energy Control","isPartOf":{"@id":"https:\/\/www.energycontrol.pl\/#website"},"datePublished":"2016-06-30T12:37:17+00:00","dateModified":"2017-08-10T12:43:10+00:00","breadcrumb":{"@id":"http:\/\/www.energycontrol.pl\/?page_id=4847#breadcrumb"},"inLanguage":"pl-PL","potentialAction":[{"@type":"ReadAction","target":["http:\/\/www.energycontrol.pl\/?page_id=4847"]}]},{"@type":"BreadcrumbList","@id":"http:\/\/www.energycontrol.pl\/?page_id=4847#breadcrumb","itemListElement":[{"@type":"ListItem","position":1,"name":"Strona g\u0142\u00f3wna","item":"https:\/\/www.energycontrol.pl\/"},{"@type":"ListItem","position":2,"name":"Referencje"}]},{"@type":"WebSite","@id":"https:\/\/www.energycontrol.pl\/#website","url":"https:\/\/www.energycontrol.pl\/","name":"Energy Control","description":"Kompleksowa obs\u0142uga energetyczna dla Twojej firmy","potentialAction":[{"@type":"SearchAction","target":{"@type":"EntryPoint","urlTemplate":"https:\/\/www.energycontrol.pl\/?s={search_term_string}"},"query-input":{"@type":"PropertyValueSpecification","valueRequired":true,"valueName":"search_term_string"}}],"inLanguage":"pl-PL"}]}},"_links":{"self":[{"href":"https:\/\/www.energycontrol.pl\/index.php?rest_route=\/wp\/v2\/pages\/4847","targetHints":{"allow":["GET"]}}],"collection":[{"href":"https:\/\/www.energycontrol.pl\/index.php?rest_route=\/wp\/v2\/pages"}],"about":[{"href":"https:\/\/www.energycontrol.pl\/index.php?rest_route=\/wp\/v2\/types\/page"}],"author":[{"embeddable":true,"href":"https:\/\/www.energycontrol.pl\/index.php?rest_route=\/wp\/v2\/users\/3"}],"replies":[{"embeddable":true,"href":"https:\/\/www.energycontrol.pl\/index.php?rest_route=%2Fwp%2Fv2%2Fcomments&post=4847"}],"version-history":[{"count":158,"href":"https:\/\/www.energycontrol.pl\/index.php?rest_route=\/wp\/v2\/pages\/4847\/revisions"}],"predecessor-version":[{"id":8763,"href":"https:\/\/www.energycontrol.pl\/index.php?rest_route=\/wp\/v2\/pages\/4847\/revisions\/8763"}],"wp:attachment":[{"href":"https:\/\/www.energycontrol.pl\/index.php?rest_route=%2Fwp%2Fv2%2Fmedia&parent=4847"}],"curies":[{"name":"wp","href":"https:\/\/api.w.org\/{rel}","templated":true}]}}